{"id":627,"date":"2017-10-02T23:41:42","date_gmt":"2017-10-02T20:41:42","guid":{"rendered":"http:\/\/lawtime.legal\/?page_id=627"},"modified":"2017-10-13T18:44:48","modified_gmt":"2017-10-13T15:44:48","slug":"avaleht","status":"publish","type":"page","link":"https:\/\/lawtime.legal\/et\/","title":{"rendered":"Avaleht"},"content":{"rendered":"<section class=\"wpb-content-wrapper\"><p>[vc_row row_type=&#8221;row&#8221; use_row_as_full_screen_section=&#8221;no&#8221; type=&#8221;grid&#8221; anchor=&#8221;meist&#8221; text_align=&#8221;left&#8221; padding_top=&#8221;100&#8243; padding_bottom=&#8221;100&#8243; css_animation=&#8221;&#8221; css=&#8221;.vc_custom_1507036907132{background-color: #f5f8fa !important;}&#8221;][vc_column][qode_elements_holder number_of_columns=&#8221;two_columns&#8221; alignment_one_column=&#8221;center&#8221;][qode_elements_holder_item vertical_alignment=&#8221;middle&#8221; item_padding_600_768=&#8221;22% 0 0 0&#8243;][vc_single_image image=&#8221;537&#8243; img_size=&#8221;full&#8221; qode_css_animation=&#8221;element_from_left&#8221;][vc_empty_space height=&#8221;20px&#8221;][\/qode_elements_holder_item][qode_elements_holder_item item_padding=&#8221;0 10% 0 10%&#8221; item_padding_600_768=&#8221;7% 0 0 0%&#8221; item_padding_480_600=&#8221;7% 0 0 0%&#8221; item_padding_480=&#8221;7% 0 0 0%&#8221;][vc_column_text]<\/p>\n<h2>LawTime&#8217;ist l\u00e4hemalt<\/h2>\n<p>[\/vc_column_text][vc_empty_space height=&#8221;20px&#8221;][vc_column_text] Teenindame 60 suurt ja v\u00e4iksemat \u00f5igusb\u00fcrood ning piiri\u00fcleseid alliansse, pakkudes t\u00e4na teenuseid Eestis, L\u00e4tis, Leedus, Ukrainas, Valgevenes ja Skandinaavia riikides. \u00dcle 60% Eesti advokaadib\u00fcroodest juba kasutavad LawTime\u2019i. Toetume peamiselt kliendisoovitustele, kuna LawTime kasutamine v\u00f5imaldab meie klientidel n\u00e4idata selget investeeringutasuvust. Keskendume vaid \u00f5igusabi spetsialistidele orienteeritud tarkvarale ning meid eristab konkurentidest meie paindlikkus ja reageerimiskiirus. [\/vc_column_text][vc_empty_space height=&#8221;39px&#8221;]<a href=\"#kontakt\" target=\"_self\"  class=\"qbutton  small move_icon\" style=\"margin: 0 0 0 0 ; \">Proovi LawTime'i<\/a>[\/qode_elements_holder_item][\/qode_elements_holder][\/vc_column][\/vc_row][vc_row row_type=&#8221;row&#8221; use_row_as_full_screen_section=&#8221;no&#8221; type=&#8221;grid&#8221; text_align=&#8221;left&#8221; padding_top=&#8221;100&#8243; padding_bottom=&#8221;100&#8243; css_animation=&#8221;&#8221;][vc_column][qode_elements_holder number_of_columns=&#8221;two_columns&#8221; alignment_one_column=&#8221;center&#8221;][qode_elements_holder_item item_padding=&#8221;0 5% 0 10%&#8221; item_padding_600_768=&#8221;7% 0 0 0%&#8221; item_padding_480_600=&#8221;7% 0 0 0%&#8221; item_padding_480=&#8221;7% 0 0 0%&#8221;][vc_column_text]<\/p>\n<h2>Efektiivsem \u00f5igusb\u00fcroo<\/h2>\n<p>[\/vc_column_text][vc_empty_space height=&#8221;20px&#8221;][vc_column_text] Automatiseerime oluliselt b\u00fcroo t\u00f6\u00f6protsesse, v\u00e4hendades t\u00fchja k\u00e4sit\u00f6\u00f6d. Pakume vahetut tagasisidet ettev\u00f5tte tervislikust seisundist ning sujuvat kliendituge. Aitame t\u00f5sta \u00f5igusb\u00fcroo kasumlikkust 15%! [\/vc_column_text][vc_empty_space height=&#8221;40px&#8221;]<a href=\"#kontakt\" target=\"_self\"  class=\"qbutton  small move_icon\" style=\"margin: 0 0 0 0 ; \">Proovi LawTime'i<\/a>[\/qode_elements_holder_item][qode_elements_holder_item item_padding=&#8221;10% 10% 0 10%&#8221; vertical_alignment=&#8221;top&#8221; item_padding_600_768=&#8221;22% 0 0 0&#8243;][vc_single_image image=&#8221;396&#8243; img_size=&#8221;full&#8221; alignment=&#8221;right&#8221; qode_css_animation=&#8221;element_from_right&#8221;][\/qode_elements_holder_item][\/qode_elements_holder][\/vc_column][\/vc_row][vc_row row_type=&#8221;row&#8221; use_row_as_full_screen_section=&#8221;no&#8221; type=&#8221;grid&#8221; anchor=&#8221;rakendused&#8221; text_align=&#8221;left&#8221; padding_top=&#8221;100&#8243; padding_bottom=&#8221;100&#8243; css_animation=&#8221;&#8221; css=&#8221;.vc_custom_1507036980289{background-image: url(https:\/\/lawtime.legal\/wp-content\/uploads\/2016\/03\/Lawtime-slaider-taust-p1.jpg?id=534) !important;}&#8221;][vc_column][vc_column_text css=&#8221;.vc_custom_1507909483031{margin-bottom: 60px !important;}&#8221;]<\/p>\n<h2 style=\"text-align: center;\"><span style=\"color: #ffffff;\">LawTime&#8217;i moodulid<\/span><\/h2>\n<p>[\/vc_column_text][qode_elements_holder number_of_columns=&#8221;one_column&#8221;][qode_elements_holder_item item_padding=&#8221;0 5% 0 5%&#8221;][vc_row_inner row_type=&#8221;row&#8221; type=&#8221;full_width&#8221; use_row_as_full_screen_section_slide=&#8221;no&#8221; text_align=&#8221;left&#8221; css_animation=&#8221;&#8221;][vc_column_inner width=&#8221;1\/3&#8243;][vc_empty_space height=&#8221;20px&#8221;]<div class='q_icon_with_title  normal_icon center'><div class=\"icon_holder q_icon_animation\" style=\" \"><div class=\"icon_holder_inner\"><span class=\"q_linear_icons_holder normal \" style=\"font-size: 50px;color: #ffffff;\"><i class=\"icon_text_icon lnr q_linear_icons_icon lnr-clock\" aria-hidden=\"true\" style=\"font-size: 50px;\"><\/i><\/span><\/div><\/div><div class=\"icon_text_holder\" style=\"\"><div class=\"icon_text_inner\" style=\"\"><h4 class=\"icon_title\" style=\"color: #ffffff\">Aja arvestus<\/h4><p style=''><\/p><\/div><\/div><\/div>[\/vc_column_inner][vc_column_inner width=&#8221;1\/3&#8243;][vc_empty_space height=&#8221;20px&#8221;]<div class='q_icon_with_title  normal_icon center'><div class=\"icon_holder q_icon_animation\" style=\" \"><div class=\"icon_holder_inner\"><span class=\"q_linear_icons_holder normal \" style=\"font-size: 50px;color: #ffffff;\"><i class=\"icon_text_icon lnr q_linear_icons_icon lnr-users\" aria-hidden=\"true\" style=\"font-size: 50px;\"><\/i><\/span><\/div><\/div><div class=\"icon_text_holder\" style=\"\"><div class=\"icon_text_inner\" style=\"\"><h4 class=\"icon_title\" style=\"color: #ffffff\">Klientide ja asjade haldus<\/h4><p style=''><\/p><\/div><\/div><\/div>[\/vc_column_inner][vc_column_inner width=&#8221;1\/3&#8243;][vc_empty_space height=&#8221;20px&#8221;]<div class='q_icon_with_title  normal_icon center'><div class=\"icon_holder q_icon_animation\" style=\" \"><div class=\"icon_holder_inner\"><span class=\"q_linear_icons_holder normal \" style=\"font-size: 50px;color: #ffffff;\"><i class=\"icon_text_icon lnr q_linear_icons_icon lnr-file-empty\" aria-hidden=\"true\" style=\"font-size: 50px;\"><\/i><\/span><\/div><\/div><div class=\"icon_text_holder\" style=\"\"><div class=\"icon_text_inner\" style=\"\"><h4 class=\"icon_title\" style=\"color: #ffffff\">Arveldus<\/h4><p style=''><\/p><\/div><\/div><\/div>[\/vc_column_inner][\/vc_row_inner][vc_row_inner row_type=&#8221;row&#8221; type=&#8221;full_width&#8221; use_row_as_full_screen_section_slide=&#8221;no&#8221; text_align=&#8221;left&#8221; css_animation=&#8221;&#8221;][vc_column_inner width=&#8221;1\/3&#8243;][vc_empty_space height=&#8221;20px&#8221;]<div class='q_icon_with_title  normal_icon center'><div class=\"icon_holder q_icon_animation\" style=\" \"><div class=\"icon_holder_inner\"><span class=\"q_linear_icons_holder normal \" style=\"font-size: 50px;color: #ffffff;\"><i class=\"icon_text_icon lnr q_linear_icons_icon lnr-tag\" aria-hidden=\"true\" style=\"font-size: 50px;\"><\/i><\/span><\/div><\/div><div class=\"icon_text_holder\" style=\"\"><div class=\"icon_text_inner\" style=\"\"><h4 class=\"icon_title\" style=\"color: #ffffff\">Hindade haldus ja k\u00e4ibe jaotus<\/h4><p style=''><\/p><\/div><\/div><\/div>[\/vc_column_inner][vc_column_inner width=&#8221;1\/3&#8243;][vc_empty_space height=&#8221;20px&#8221;]<div class='q_icon_with_title  normal_icon center'><div class=\"icon_holder q_icon_animation\" style=\" \"><div class=\"icon_holder_inner\"><span class=\"q_linear_icons_holder normal \" style=\"font-size: 50px;color: #ffffff;\"><i class=\"icon_text_icon lnr q_linear_icons_icon lnr-chart-bars\" aria-hidden=\"true\" style=\"font-size: 50px;\"><\/i><\/span><\/div><\/div><div class=\"icon_text_holder\" style=\"\"><div class=\"icon_text_inner\" style=\"\"><h4 class=\"icon_title\" style=\"color: #ffffff\">Aruandlus ja anal\u00fc\u00fcs<\/h4><p style=''><\/p><\/div><\/div><\/div>[\/vc_column_inner][vc_column_inner width=&#8221;1\/3&#8243;][vc_empty_space height=&#8221;20px&#8221;]<div class='q_icon_with_title  normal_icon center'><div class=\"icon_holder q_icon_animation\" style=\" \"><div class=\"icon_holder_inner\"><span class=\"q_linear_icons_holder normal \" style=\"font-size: 50px;color: #ffffff;\"><i class=\"icon_text_icon lnr q_linear_icons_icon lnr-laptop-phone\" aria-hidden=\"true\" style=\"font-size: 50px;\"><\/i><\/span><\/div><\/div><div class=\"icon_text_holder\" style=\"\"><div class=\"icon_text_inner\" style=\"\"><h4 class=\"icon_title\" style=\"color: #ffffff\">Ligip\u00e4\u00e4s mobiilseadmega<\/h4><p style=''><\/p><\/div><\/div><\/div>[\/vc_column_inner][\/vc_row_inner][vc_row_inner row_type=&#8221;row&#8221; type=&#8221;full_width&#8221; use_row_as_full_screen_section_slide=&#8221;no&#8221; text_align=&#8221;left&#8221; css_animation=&#8221;&#8221;][vc_column_inner width=&#8221;1\/3&#8243;][vc_empty_space height=&#8221;20px&#8221;]<div class='q_icon_with_title  normal_icon center'><div class=\"icon_holder q_icon_animation\" style=\" \"><div class=\"icon_holder_inner\"><span class=\"q_linear_icons_holder normal \" style=\"font-size: 50px;color: #ffffff;\"><i class=\"icon_text_icon lnr q_linear_icons_icon lnr-layers\" aria-hidden=\"true\" style=\"font-size: 50px;\"><\/i><\/span><\/div><\/div><div class=\"icon_text_holder\" style=\"\"><div class=\"icon_text_inner\" style=\"\"><h4 class=\"icon_title\" style=\"color: #ffffff\">Dokumentide haldus<\/h4><p style=''><\/p><\/div><\/div><\/div>[\/vc_column_inner][vc_column_inner width=&#8221;1\/3&#8243;][vc_empty_space height=&#8221;20px&#8221;]<div class='q_icon_with_title  normal_icon center'><div class=\"icon_holder q_icon_animation\" style=\" \"><div class=\"icon_holder_inner\"><span class=\"q_linear_icons_holder normal \" style=\"font-size: 50px;color: #ffffff;\"><i class=\"icon_text_icon lnr q_linear_icons_icon lnr-sync\" aria-hidden=\"true\" style=\"font-size: 50px;\"><\/i><\/span><\/div><\/div><div class=\"icon_text_holder\" style=\"\"><div class=\"icon_text_inner\" style=\"\"><h4 class=\"icon_title\" style=\"color: #ffffff\">Liidesed raamatupidamistarkvaradega<\/h4><p style=''><\/p><\/div><\/div><\/div>[\/vc_column_inner][vc_column_inner width=&#8221;1\/3&#8243;][vc_empty_space height=&#8221;20px&#8221;]<div class='q_icon_with_title  normal_icon center'><div class=\"icon_holder q_icon_animation\" style=\" \"><div class=\"icon_holder_inner\"><span class=\"q_linear_icons_holder normal \" style=\"font-size: 50px;color: #ffffff;\"><i class=\"icon_text_icon lnr q_linear_icons_icon lnr-envelope\" aria-hidden=\"true\" style=\"font-size: 50px;\"><\/i><\/span><\/div><\/div><div class=\"icon_text_holder\" style=\"\"><div class=\"icon_text_inner\" style=\"\"><h4 class=\"icon_title\" style=\"color: #ffffff\">E-posti haldus ja arhiveerimine<\/h4><p style=''><\/p><\/div><\/div><\/div>[\/vc_column_inner][\/vc_row_inner][\/qode_elements_holder_item][\/qode_elements_holder][\/vc_column][\/vc_row][vc_row row_type=&#8221;row&#8221; use_row_as_full_screen_section=&#8221;no&#8221; type=&#8221;grid&#8221; anchor=&#8221;kontakt&#8221; text_align=&#8221;left&#8221; padding_top=&#8221;100&#8243; padding_bottom=&#8221;100&#8243; css_animation=&#8221;element_from_bottom&#8221; transition_delay=&#8221;300&#8243;][vc_column css_animation=&#8221;none&#8221;][vc_column_text]<\/p>\n<h2 style=\"text-align: center;\">Proovi LawTime&#8217;i<\/h2>\n<p style=\"text-align: center;\">V\u00f5ta meiega \u00fchendust, et proovida LawTime&#8217;i demoversiooni ja tutvu v\u00f5imalustega l\u00e4hemalt!<\/p>\n<p>[\/vc_column_text][vc_empty_space height=&#8221;100px&#8221;][\/vc_column][vc_column css_animation=&#8221;fadeIn&#8221; width=&#8221;1\/3&#8243;][vc_column_text]<\/p>\n<h5>V\u00f5ta \u00fchendust<\/h5>\n<p>[\/vc_column_text][vc_empty_space height=&#8221;20px&#8221;][vc_column_text]<\/p>\n<p><img decoding=\"async\" loading=\"lazy\" class=\"alignnone wp-image-600\" src=\"https:\/\/lawtime.legal\/wp-content\/uploads\/2016\/03\/Kerttu-Poder-300x300.jpg\" alt=\"\" width=\"196\" height=\"196\" srcset=\"https:\/\/lawtime.legal\/wp-content\/uploads\/2016\/03\/Kerttu-Poder-300x300.jpg 300w, https:\/\/lawtime.legal\/wp-content\/uploads\/2016\/03\/Kerttu-Poder-150x150.jpg 150w, https:\/\/lawtime.legal\/wp-content\/uploads\/2016\/03\/Kerttu-Poder-550x550.jpg 550w, https:\/\/lawtime.legal\/wp-content\/uploads\/2016\/03\/Kerttu-Poder.jpg 600w, https:\/\/lawtime.legal\/wp-content\/uploads\/2016\/03\/Kerttu-Poder-500x500.jpg 500w\" sizes=\"(max-width: 196px) 100vw, 196px\" \/><\/p>\n<p><strong>Kerttu P\u00f5der<\/strong> <em><br \/>\n Tootejuht<\/em><\/p>\n<p>[\/vc_column_text][vc_empty_space height=&#8221;20px&#8221;][vc_column_text]<\/p>\n<p><span style=\"font-size: 32px;\">730 09 41<\/span><span style=\"font-size: 18px;\"><br \/>\n <a href=\"mailto:info@lawtime.ee\"><span style=\"font-size: 20px;\">info@lawtime.ee<\/span><\/a><\/span><\/p>\n<p>[\/vc_column_text][vc_column_text]<\/p>\n<p><span style=\"font-size: 14px;\"><strong>Lawtime O\u00dc<\/strong><\/span><br \/>\n <span style=\"font-size: 14px;\">Tartu mnt 74, 10144 Tallinn <\/span><\/p>\n<p>[\/vc_column_text][vc_empty_space height=&#8221;80px&#8221;][\/vc_column][vc_column css_animation=&#8221;fadeIn&#8221; width=&#8221;2\/3&#8243;][vc_column_text]<\/p>\n<h5>Saada s\u00f5num<\/h5>\n<p>[\/vc_column_text][vc_empty_space height=&#8221;20px&#8221;][vc_column_text] \n<div class=\"wpcf7 no-js\" id=\"wpcf7-f663-o1\" lang=\"et\" dir=\"ltr\">\n<div class=\"screen-reader-response\"><p role=\"status\" aria-live=\"polite\" aria-atomic=\"true\"><\/p> <ul><\/ul><\/div>\n<form action=\"\/et\/wp-json\/wp\/v2\/pages\/627#wpcf7-f663-o1\" method=\"post\" class=\"wpcf7-form init\" aria-label=\"Contact form\" novalidate=\"novalidate\" data-status=\"init\">\n<div style=\"display: none;\">\n<input type=\"hidden\" name=\"_wpcf7\" value=\"663\" \/>\n<input type=\"hidden\" name=\"_wpcf7_version\" value=\"5.7.7\" \/>\n<input type=\"hidden\" name=\"_wpcf7_locale\" value=\"et\" \/>\n<input type=\"hidden\" name=\"_wpcf7_unit_tag\" value=\"wpcf7-f663-o1\" \/>\n<input type=\"hidden\" name=\"_wpcf7_container_post\" value=\"0\" \/>\n<input type=\"hidden\" name=\"_wpcf7_posted_data_hash\" value=\"\" \/>\n<input type=\"hidden\" name=\"_wpcf7_recaptcha_response\" value=\"\" \/>\n<\/div>\n<p><span class=\"wpcf7-form-control-wrap\" data-name=\"your-name\"><input size=\"40\" class=\"wpcf7-form-control wpcf7-text wpcf7-validates-as-required\" aria-required=\"true\" aria-invalid=\"false\" placeholder=\"nimi\" value=\"\" type=\"text\" name=\"your-name\" \/><\/span><br \/>\n<span class=\"wpcf7-form-control-wrap\" data-name=\"your-email\"><input size=\"40\" class=\"wpcf7-form-control wpcf7-text wpcf7-email wpcf7-validates-as-required wpcf7-validates-as-email\" aria-required=\"true\" aria-invalid=\"false\" placeholder=\"e-postiaadress\" value=\"\" type=\"email\" name=\"your-email\" \/><\/span><br \/>\n<span class=\"wpcf7-form-control-wrap\" data-name=\"your-tel\"><input size=\"40\" class=\"wpcf7-form-control wpcf7-text wpcf7-tel wpcf7-validates-as-required wpcf7-validates-as-tel\" aria-required=\"true\" aria-invalid=\"false\" placeholder=\"telefon\" value=\"\" type=\"tel\" name=\"your-tel\" \/><\/span><br \/>\n<span class=\"wpcf7-form-control-wrap\" data-name=\"your-subject\"><input size=\"40\" class=\"wpcf7-form-control wpcf7-text wpcf7-validates-as-required\" aria-required=\"true\" aria-invalid=\"false\" placeholder=\"teema\" value=\"\" type=\"text\" name=\"your-subject\" \/><\/span><br \/>\n<span class=\"wpcf7-form-control-wrap\" data-name=\"your-message\"><textarea cols=\"40\" rows=\"10\" class=\"wpcf7-form-control wpcf7-textarea wpcf7-validates-as-required\" aria-required=\"true\" aria-invalid=\"false\" placeholder=\"s\u00f5num\" name=\"your-message\"><\/textarea><\/span><br \/>\n<input class=\"wpcf7-form-control has-spinner wpcf7-submit\" type=\"submit\" value=\"Saada\" \/>\n<\/p><p style=\"display: none !important;\"><label>&#916;<textarea name=\"_wpcf7_ak_hp_textarea\" cols=\"45\" rows=\"8\" maxlength=\"100\"><\/textarea><\/label><input type=\"hidden\" id=\"ak_js_1\" name=\"_wpcf7_ak_js\" value=\"160\"\/><script>document.getElementById( \"ak_js_1\" ).setAttribute( \"value\", ( new Date() ).getTime() );<\/script><\/p><div class=\"wpcf7-response-output\" aria-hidden=\"true\"><\/div>\n<\/form>\n<\/div>\n [\/vc_column_text][\/vc_column][\/vc_row]<\/p>\n<\/section>","protected":false},"excerpt":{"rendered":"<p>[vc_row row_type=&#8221;row&#8221; use_row_as_full_screen_section=&#8221;no&#8221; type=&#8221;grid&#8221; anchor=&#8221;meist&#8221; text_align=&#8221;left&#8221; padding_top=&#8221;100&#8243; padding_bottom=&#8221;100&#8243; css_animation=&#8221;&#8221; css=&#8221;.vc_custom_1507036907132{background-color: #f5f8fa !important;}&#8221;][vc_column][qode_elements_holder number_of_columns=&#8221;two_columns&#8221; alignment_one_column=&#8221;center&#8221;][qode_elements_holder_item vertical_alignment=&#8221;middle&#8221; item_padding_600_768=&#8221;22% 0 0 0&#8243;][vc_single_image image=&#8221;537&#8243; img_size=&#8221;full&#8221; qode_css_animation=&#8221;element_from_left&#8221;][vc_empty_space height=&#8221;20px&#8221;][\/qode_elements_holder_item][qode_elements_holder_item item_padding=&#8221;0 10% 0 10%&#8221; item_padding_600_768=&#8221;7% 0 0 0%&#8221; item_padding_480_600=&#8221;7% 0 0 0%&#8221; item_padding_480=&#8221;7% 0 0 0%&#8221;][vc_column_text] LawTime&#8217;ist l\u00e4hemalt [\/vc_column_text][vc_empty_space height=&#8221;20px&#8221;][vc_column_text] Teenindame 60&#8230;<\/p>\n","protected":false},"author":1,"featured_media":0,"parent":0,"menu_order":0,"comment_status":"closed","ping_status":"closed","template":"full_width.php","meta":[],"aioseo_notices":[],"_links":{"self":[{"href":"https:\/\/lawtime.legal\/et\/wp-json\/wp\/v2\/pages\/627"}],"collection":[{"href":"https:\/\/lawtime.legal\/et\/wp-json\/wp\/v2\/pages"}],"about":[{"href":"https:\/\/lawtime.legal\/et\/wp-json\/wp\/v2\/types\/page"}],"author":[{"embeddable":true,"href":"https:\/\/lawtime.legal\/et\/wp-json\/wp\/v2\/users\/1"}],"replies":[{"embeddable":true,"href":"https:\/\/lawtime.legal\/et\/wp-json\/wp\/v2\/comments?post=627"}],"version-history":[{"count":16,"href":"https:\/\/lawtime.legal\/et\/wp-json\/wp\/v2\/pages\/627\/revisions"}],"predecessor-version":[{"id":675,"href":"https:\/\/lawtime.legal\/et\/wp-json\/wp\/v2\/pages\/627\/revisions\/675"}],"wp:attachment":[{"href":"https:\/\/lawtime.legal\/et\/wp-json\/wp\/v2\/media?parent=627"}],"curies":[{"name":"wp","href":"https:\/\/api.w.org\/{rel}","templated":true}]}}